{"id":26,"date":"2017-05-23T07:27:51","date_gmt":"2017-05-23T07:27:51","guid":{"rendered":"http:\/\/porakaivo-pojat.fi\/?page_id=26"},"modified":"2017-05-29T13:24:17","modified_gmt":"2017-05-29T13:24:17","slug":"etusivu","status":"publish","type":"page","link":"https:\/\/porakaivo-pojat.fi\/","title":{"rendered":"Etusivu"},"content":{"rendered":"<div class=\"homepage-box\">\n<h2><a href=\"http:\/\/porakaivo-pojat.fi\/?page_id=5\">PORAKAIVOSTA VARMASTI HYV\u00c4\u00c4 VETT\u00c4!<\/a><\/h2>\n<p>Oikein tehty porakaivo tarjoaa puhdasta, raikasta pohjavett\u00e4 sukupolvesta toiseen niin kes\u00e4asunnolla, haja-asutusalueella kuin maatilallakin. Asiantuntijan mitoittama porausreik\u00e4 varmistaa riitt\u00e4v\u00e4n kaivontuoton ja vesivarastotilavuuden my\u00f6s v\u00e4h\u00e4sateisina kausina. Porakaivo-Pojat valmistaa kaivosi avaimet k\u00e4teen -periaatteella.<\/p>\n<p><a href=\"http:\/\/porakaivo-pojat.fi\/?page_id=5\"><img loading=\"lazy\" decoding=\"async\" class=\"alignnone wp-image-160 size-full\" title=\"Puhdasta hyv\u00e4\u00e4 vett\u00e4!\" src=\"http:\/\/www.porakaivo-pojat.fi\/wordpress\/wp-content\/uploads\/2012\/02\/puhdastavetta2.jpg\" alt=\"\" width=\"275\" height=\"224\" \/><\/a><\/p>\n<hr \/>\n<div class=\"homepage-box\">\n<h2><a href=\"http:\/\/porakaivo-pojat.fi\/?page_id=7\">MAAL\u00c4MP\u00d6 \u2013 UUSIUTUVAA ENERGIAA!<\/a><\/h2>\n<p>Maal\u00e4mp\u00f6 on maaper\u00e4n tai veden massaan varastoitunutta auringon uusiutuvaa l\u00e4mp\u00f6energiaa. Maal\u00e4mp\u00f6j\u00e4rjestelm\u00e4ll\u00e4 tuota l\u00e4mp\u00f6energiaa voidaan k\u00e4ytt\u00e4\u00e4 rakennusten ja k\u00e4ytt\u00f6veden l\u00e4mmitt\u00e4miseen. L\u00e4mp\u00f6pumpun kompressorin avulla maaper\u00e4st\u00e4 saatu l\u00e4mp\u00f6energia siirret\u00e4\u00e4n l\u00e4mmitysj\u00e4rjestelm\u00e4\u00e4n ja l\u00e4mpim\u00e4\u00e4n k\u00e4ytt\u00f6veteen.<\/p>\n<p><a href=\"http:\/\/porakaivo-pojat.fi\/?page_id=7\"><img loading=\"lazy\" decoding=\"async\" class=\"alignnone wp-image-162 size-full\" title=\"Maal\u00e4mp\u00f6\u00e4 auringosta!\" src=\"http:\/\/www.porakaivo-pojat.fi\/wordpress\/wp-content\/uploads\/2012\/02\/auringonpaistetta.jpg\" alt=\"\" width=\"275\" height=\"224\" \/><\/a><\/p>\n<\/div>\n<\/div>\n","protected":false},"excerpt":{"rendered":"<p>PORAKAIVOSTA VARMASTI HYV\u00c4\u00c4 VETT\u00c4! Oikein tehty porakaivo tarjoaa puhdasta, raikasta pohjavett\u00e4 sukupolvesta toiseen niin kes\u00e4asunnolla, haja-asutusalueella kuin maatilallakin. Asiantuntijan mitoittama porausreik\u00e4 varmistaa riitt\u00e4v\u00e4n kaivontuoton ja vesivarastotilavuuden my\u00f6s v\u00e4h\u00e4sateisina kausina. Porakaivo-Pojat valmistaa kaivosi avaimet k\u00e4teen -periaatteella. MAAL\u00c4MP\u00d6 \u2013 UUSIUTUVAA ENERGIAA! Maal\u00e4mp\u00f6 on maaper\u00e4n tai veden massaan varastoitunutta auringon uusiutuvaa l\u00e4mp\u00f6energiaa. Maal\u00e4mp\u00f6j\u00e4rjestelm\u00e4ll\u00e4 tuota l\u00e4mp\u00f6energiaa voidaan k\u00e4ytt\u00e4\u00e4 rakennusten [&hellip;]<\/p>\n","protected":false},"author":1,"featured_media":0,"parent":0,"menu_order":0,"comment_status":"closed","ping_status":"closed","template":"","meta":{"footnotes":""},"class_list":["post-26","page","type-page","status-publish","czr-hentry"],"_links":{"self":[{"href":"https:\/\/porakaivo-pojat.fi\/index.php?rest_route=\/wp\/v2\/pages\/26","targetHints":{"allow":["GET"]}}],"collection":[{"href":"https:\/\/porakaivo-pojat.fi\/index.php?rest_route=\/wp\/v2\/pages"}],"about":[{"href":"https:\/\/porakaivo-pojat.fi\/index.php?rest_route=\/wp\/v2\/types\/page"}],"author":[{"embeddable":true,"href":"https:\/\/porakaivo-pojat.fi\/index.php?rest_route=\/wp\/v2\/users\/1"}],"replies":[{"embeddable":true,"href":"https:\/\/porakaivo-pojat.fi\/index.php?rest_route=%2Fwp%2Fv2%2Fcomments&post=26"}],"version-history":[{"count":38,"href":"https:\/\/porakaivo-pojat.fi\/index.php?rest_route=\/wp\/v2\/pages\/26\/revisions"}],"predecessor-version":[{"id":151,"href":"https:\/\/porakaivo-pojat.fi\/index.php?rest_route=\/wp\/v2\/pages\/26\/revisions\/151"}],"wp:attachment":[{"href":"https:\/\/porakaivo-pojat.fi\/index.php?rest_route=%2Fwp%2Fv2%2Fmedia&parent=26"}],"curies":[{"name":"wp","href":"https:\/\/api.w.org\/{rel}","templated":true}]}}